{"id":185,"date":"2024-11-28T06:58:10","date_gmt":"2024-11-28T06:58:10","guid":{"rendered":"https:\/\/smacool.eu\/?page_id=185"},"modified":"2024-12-20T11:35:06","modified_gmt":"2024-12-20T11:35:06","slug":"news","status":"publish","type":"page","link":"https:\/\/smacool.eu\/home\/news\/","title":{"rendered":"News"},"content":{"rendered":"\t\t<div data-elementor-type=\"wp-page\" data-elementor-id=\"185\" class=\"elementor elementor-185\">\n\t\t\t\t<div class=\"elementor-element elementor-element-ac7c190 e-flex e-con-boxed e-con e-parent\" data-id=\"ac7c190\" data-element_type=\"container\" data-e-type=\"container\" data-settings=\"{&quot;background_background&quot;:&quot;classic&quot;}\">\n\t\t\t\t\t<div class=\"e-con-inner\">\n\t\t\t\t<div class=\"elementor-element elementor-element-a6a3a3d elementor-widget elementor-widget-heading\" data-id=\"a6a3a3d\" data-element_type=\"widget\" data-e-type=\"widget\" data-widget_type=\"heading.default\">\n\t\t\t\t<div class=\"elementor-widget-container\">\n\t\t\t\t\t<h1 class=\"elementor-heading-title elementor-size-default\">News<\/h1>\t\t\t\t<\/div>\n\t\t\t\t<\/div>\n\t\t\t\t\t<\/div>\n\t\t\t\t<\/div>\n\t\t<div class=\"elementor-element elementor-element-c9f2ac1 e-flex e-con-boxed e-con e-parent\" data-id=\"c9f2ac1\" data-element_type=\"container\" data-e-type=\"container\">\n\t\t\t\t\t<div class=\"e-con-inner\">\n\t\t\t\t<div class=\"elementor-element elementor-element-d28308e elementor-widget elementor-widget-spacer\" data-id=\"d28308e\" data-element_type=\"widget\" data-e-type=\"widget\" data-widget_type=\"spacer.default\">\n\t\t\t\t<div class=\"elementor-widget-container\">\n\t\t\t\t\t\t\t<div class=\"elementor-spacer\">\n\t\t\t<div class=\"elementor-spacer-inner\"><\/div>\n\t\t<\/div>\n\t\t\t\t\t\t<\/div>\n\t\t\t\t<\/div>\n\t\t\t\t\t<\/div>\n\t\t\t\t<\/div>\n\t\t<div class=\"elementor-element elementor-element-1a45d95 e-flex e-con-boxed e-con e-parent\" data-id=\"1a45d95\" data-element_type=\"container\" data-e-type=\"container\">\n\t\t\t\t\t<div class=\"e-con-inner\">\n\t\t\t\t<div class=\"elementor-element elementor-element-1e33b0c premium-blog-align-left elementor-widget elementor-widget-premium-addon-blog\" data-id=\"1e33b0c\" data-element_type=\"widget\" data-e-type=\"widget\" data-settings=\"{&quot;premium_blog_columns_number&quot;:&quot;33.33%&quot;,&quot;premium_blog_grid&quot;:&quot;yes&quot;,&quot;premium_blog_layout&quot;:&quot;even&quot;,&quot;premium_blog_columns_number_tablet&quot;:&quot;50%&quot;,&quot;premium_blog_columns_number_mobile&quot;:&quot;100%&quot;}\" data-widget_type=\"premium-addon-blog.default\">\n\t\t\t\t<div class=\"elementor-widget-container\">\n\t\t\t\t\t\n\t\t\n\n\t\t\t\t<div class=\"premium-blog-wrap  premium-blog-even\" data-page=\"185\">\n\t\t\t\t\t\t\t\t\t<div class=\"premium-blog-post-outer-container\" data-total=\"1\">\n\t\t\t<div class=\"premium-blog-post-container premium-blog-skin-modern\">\n\t\t\t\t\t\t\t\t\t<div class=\"premium-blog-thumb-effect-wrapper\">\n\t\t\t\t\t\t<div class=\"premium-blog-thumbnail-container premium-blog-zoomin-effect\">\n\t\t\t\t\t\t\t\t\t\t\t<a href=\"https:\/\/smacool.eu\/home\/dr-jaka-tuseks-research-group-has-received-funding-for-two-european-eic-projects-on-breakthrough-cooling-and-heating-technologies\/\" target=\"_blank\">\n\t\t\t\t<img fetchpriority=\"high\" decoding=\"async\" width=\"640\" height=\"427\" src=\"https:\/\/smacool.eu\/wp-content\/uploads\/2024\/11\/iceland-6988000_640.jpg\" class=\"attachment-full size-full wp-image-246\" alt=\"\" srcset=\"https:\/\/smacool.eu\/wp-content\/uploads\/2024\/11\/iceland-6988000_640.jpg 640w, https:\/\/smacool.eu\/wp-content\/uploads\/2024\/11\/iceland-6988000_640-300x200.jpg 300w, https:\/\/smacool.eu\/wp-content\/uploads\/2024\/11\/elementor\/thumbs\/iceland-6988000_640-qxpttzym8puinyjt6pslkvtt85pj0le5xmiqjw43a8.jpg 600w, https:\/\/smacool.eu\/wp-content\/uploads\/2024\/11\/elementor\/thumbs\/iceland-6988000_640-qxpttzylmsgejjlbcybnnq216dq2ikqpuyeyn4g6ao.jpg 550w\" sizes=\"(max-width: 640px) 100vw, 640px\" \/>\t\t\t\t<\/a>\n\t\t\t\t\t\t\t\t\t\t<\/div>\n\t\t\t\t\t\t\t\t\t\t\t\t\t<div class=\"premium-blog-effect-container premium-blog-framed-effect\">\n\t\t\t\t\t\t\t\t<a class=\"premium-blog-post-link\" href=\"https:\/\/smacool.eu\/home\/dr-jaka-tuseks-research-group-has-received-funding-for-two-european-eic-projects-on-breakthrough-cooling-and-heating-technologies\/\" target=\"_blank\"><span>Dr. Jaka Tu\u0161ek\u2019s research group has received funding for two European EIC projects on breakthrough cooling and heating technologies<\/span><\/a>\n\t\t\t\t\t\t\t\t\t\t\t\t\t\t\t<\/div>\n\t\t\t\t\t\t\t\t\t\t\t<\/div>\n\t\t\t\t\t\t\t\t\t\t\t\t<div class=\"premium-blog-content-wrapper \">\n\n\t\t\t\t\t<div class=\"premium-blog-inner-container\">\n\n\t\t\t\t\t\t\t\t\t\t\t\t\t\t<h2 class=\"premium-blog-entry-title\">\n\t\t\t<a href=\"https:\/\/smacool.eu\/home\/dr-jaka-tuseks-research-group-has-received-funding-for-two-european-eic-projects-on-breakthrough-cooling-and-heating-technologies\/\" target=\"_blank\">\n\t\t\t\tDr. Jaka Tu\u0161ek\u2019s research group has received funding for two European EIC projects on breakthrough cooling and heating technologies\t\t\t<\/a>\n\t\t<\/h2>\n\t\t\t\t<div class=\"premium-blog-entry-meta\">\n\t\t\t\n\t\t\t\t\t\t\t<span class=\"premium-blog-meta-separator\">\u2022<\/span>\n\t\t\t\t<div class=\"premium-blog-post-time premium-blog-meta-data\">\n\t\t\t\t\t<i class=\"fa fa-calendar-alt\" aria-hidden=\"true\"><\/i>\n\t\t\t\t\t<span>Dezember 17, 2024<\/span>\n\t\t\t\t<\/div>\n\t\t\t\n\t\t\t\n\t\t\t\t\t<\/div>\n\t\t\n\t\t\t\t\t<\/div>\n\n\t\t\t\t\t\t\t<div class=\"premium-blog-content-inner-wrapper\">\n\t\t<p class=\"premium-blog-post-content\">Dr. Jaka Tu\u0161ek\u2019s research group has received funding for two European EIC projects on breakthrough cooling and heating technologies Dr Jaka Tu\u0161ek, \u2026<\/p>\t\t<\/div>\n\t\t\t\t\t\t\t\n\t\t\t\t<\/div>\n\t\t\t<\/div>\n\t\t<\/div>\n\n\t\t\t\t<div class=\"premium-blog-post-outer-container\" data-total=\"1\">\n\t\t\t<div class=\"premium-blog-post-container premium-blog-skin-modern\">\n\t\t\t\t\t\t\t\t\t<div class=\"premium-blog-thumb-effect-wrapper\">\n\t\t\t\t\t\t<div class=\"premium-blog-thumbnail-container premium-blog-zoomin-effect\">\n\t\t\t\t\t\t\t\t\t\t\t<a href=\"https:\/\/smacool.eu\/home\/millionenfoerderung-fuer-elastokalorik-klimaanlage\/\" target=\"_blank\">\n\t\t\t\t<img decoding=\"async\" width=\"2560\" height=\"1707\" src=\"https:\/\/smacool.eu\/wp-content\/uploads\/2024\/11\/Pressemitteilung-UdS-Paul-Motzki-ZeMA-scaled.jpg\" class=\"attachment-full size-full wp-image-200\" alt=\"\" srcset=\"https:\/\/smacool.eu\/wp-content\/uploads\/2024\/11\/Pressemitteilung-UdS-Paul-Motzki-ZeMA-scaled.jpg 2560w, https:\/\/smacool.eu\/wp-content\/uploads\/2024\/11\/Pressemitteilung-UdS-Paul-Motzki-ZeMA-300x200.jpg 300w, https:\/\/smacool.eu\/wp-content\/uploads\/2024\/11\/Pressemitteilung-UdS-Paul-Motzki-ZeMA-1024x683.jpg 1024w, https:\/\/smacool.eu\/wp-content\/uploads\/2024\/11\/Pressemitteilung-UdS-Paul-Motzki-ZeMA-768x512.jpg 768w, https:\/\/smacool.eu\/wp-content\/uploads\/2024\/11\/Pressemitteilung-UdS-Paul-Motzki-ZeMA-1536x1024.jpg 1536w, https:\/\/smacool.eu\/wp-content\/uploads\/2024\/11\/Pressemitteilung-UdS-Paul-Motzki-ZeMA-2048x1365.jpg 2048w\" sizes=\"(max-width: 2560px) 100vw, 2560px\" \/>\t\t\t\t<\/a>\n\t\t\t\t\t\t\t\t\t\t<\/div>\n\t\t\t\t\t\t\t\t\t\t\t\t\t<div class=\"premium-blog-effect-container premium-blog-framed-effect\">\n\t\t\t\t\t\t\t\t<a class=\"premium-blog-post-link\" href=\"https:\/\/smacool.eu\/home\/millionenfoerderung-fuer-elastokalorik-klimaanlage\/\" target=\"_blank\"><span>Millionenf\u00f6rderung: Nachhaltge Elastokalorik-Klimaanlage soll H\u00e4user zimmerweise k\u00fchlen und heizen<\/span><\/a>\n\t\t\t\t\t\t\t\t\t\t\t\t\t\t\t<\/div>\n\t\t\t\t\t\t\t\t\t\t\t<\/div>\n\t\t\t\t\t\t\t\t\t\t\t\t<div class=\"premium-blog-content-wrapper \">\n\n\t\t\t\t\t<div class=\"premium-blog-inner-container\">\n\n\t\t\t\t\t\t\t\t\t\t\t\t\t\t<h2 class=\"premium-blog-entry-title\">\n\t\t\t<a href=\"https:\/\/smacool.eu\/home\/millionenfoerderung-fuer-elastokalorik-klimaanlage\/\" target=\"_blank\">\n\t\t\t\tMillionenf\u00f6rderung: Nachhaltge Elastokalorik-Klimaanlage soll H\u00e4user zimmerweise k\u00fchlen und heizen\t\t\t<\/a>\n\t\t<\/h2>\n\t\t\t\t<div class=\"premium-blog-entry-meta\">\n\t\t\t\n\t\t\t\t\t\t\t<span class=\"premium-blog-meta-separator\">\u2022<\/span>\n\t\t\t\t<div class=\"premium-blog-post-time premium-blog-meta-data\">\n\t\t\t\t\t<i class=\"fa fa-calendar-alt\" aria-hidden=\"true\"><\/i>\n\t\t\t\t\t<span>Juli 11, 2024<\/span>\n\t\t\t\t<\/div>\n\t\t\t\n\t\t\t\n\t\t\t\t\t<\/div>\n\t\t\n\t\t\t\t\t<\/div>\n\n\t\t\t\t\t\t\t<div class=\"premium-blog-content-inner-wrapper\">\n\t\t<p class=\"premium-blog-post-content\">Millionenf\u00f6rderung: Nachhaltige Elastokalorik-Klimaanlage soll H\u00e4user zimmerweise k\u00fchlen und heizen Mit der neuen Klimatechnik Elastokalorik wird es m\u00f6glich, Geb\u00e4ude nur \u00fcber L\u00fcftungsschlitze zu \u2026<\/p>\t\t<\/div>\n\t\t\t\t\t\t\t\n\t\t\t\t<\/div>\n\t\t\t<\/div>\n\t\t<\/div>\n\n\t\t\t\t\t\t\t<\/div>\n\n\t\t\n\t\t\n\t\t\t\t\t\t<\/div>\n\t\t\t\t<\/div>\n\t\t\t\t\t<\/div>\n\t\t\t\t<\/div>\n\t\t<div class=\"elementor-element elementor-element-5f8d973 e-flex e-con-boxed e-con e-parent\" data-id=\"5f8d973\" data-element_type=\"container\" data-e-type=\"container\">\n\t\t\t\t\t<div class=\"e-con-inner\">\n\t\t\t\t<div class=\"elementor-element elementor-element-97f6e7f elementor-widget elementor-widget-spacer\" data-id=\"97f6e7f\" data-element_type=\"widget\" data-e-type=\"widget\" data-widget_type=\"spacer.default\">\n\t\t\t\t<div class=\"elementor-widget-container\">\n\t\t\t\t\t\t\t<div class=\"elementor-spacer\">\n\t\t\t<div class=\"elementor-spacer-inner\"><\/div>\n\t\t<\/div>\n\t\t\t\t\t\t<\/div>\n\t\t\t\t<\/div>\n\t\t\t\t\t<\/div>\n\t\t\t\t<\/div>\n\t\t<div class=\"elementor-element elementor-element-a47a53d e-flex e-con-boxed e-con e-parent\" data-id=\"a47a53d\" data-element_type=\"container\" data-e-type=\"container\" data-settings=\"{&quot;background_background&quot;:&quot;classic&quot;}\">\n\t\t\t\t\t<div class=\"e-con-inner\">\n\t\t\t\t<div class=\"elementor-element elementor-element-95e5d54 elementor-widget elementor-widget-heading\" data-id=\"95e5d54\" data-element_type=\"widget\" data-e-type=\"widget\" data-widget_type=\"heading.default\">\n\t\t\t\t<div class=\"elementor-widget-container\">\n\t\t\t\t\t<h2 class=\"elementor-heading-title elementor-size-default\">Stay up to date<\/h2>\t\t\t\t<\/div>\n\t\t\t\t<\/div>\n\t\t\t\t<div class=\"elementor-element elementor-element-36865a0 elementor-view-default elementor-widget elementor-widget-icon\" data-id=\"36865a0\" data-element_type=\"widget\" data-e-type=\"widget\" data-widget_type=\"icon.default\">\n\t\t\t\t<div class=\"elementor-widget-container\">\n\t\t\t\t\t\t\t<div class=\"elementor-icon-wrapper\">\n\t\t\t<div class=\"elementor-icon\">\n\t\t\t<svg aria-hidden=\"true\" class=\"e-font-icon-svg e-fab-linkedin\" viewBox=\"0 0 448 512\" xmlns=\"http:\/\/www.w3.org\/2000\/svg\"><path d=\"M416 32H31.9C14.3 32 0 46.5 0 64.3v383.4C0 465.5 14.3 480 31.9 480H416c17.6 0 32-14.5 32-32.3V64.3c0-17.8-14.4-32.3-32-32.3zM135.4 416H69V202.2h66.5V416zm-33.2-243c-21.3 0-38.5-17.3-38.5-38.5S80.9 96 102.2 96c21.2 0 38.5 17.3 38.5 38.5 0 21.3-17.2 38.5-38.5 38.5zm282.1 243h-66.4V312c0-24.8-.5-56.7-34.5-56.7-34.6 0-39.9 27-39.9 54.9V416h-66.4V202.2h63.7v29.2h.9c8.9-16.8 30.6-34.5 62.9-34.5 67.2 0 79.7 44.3 79.7 101.9V416z\"><\/path><\/svg>\t\t\t<\/div>\n\t\t<\/div>\n\t\t\t\t\t\t<\/div>\n\t\t\t\t<\/div>\n\t\t\t\t\t<\/div>\n\t\t\t\t<\/div>\n\t\t<div class=\"elementor-element elementor-element-3021b3d e-flex e-con-boxed e-con e-parent\" data-id=\"3021b3d\" data-element_type=\"container\" data-e-type=\"container\" data-settings=\"{&quot;background_background&quot;:&quot;classic&quot;}\">\n\t\t\t\t\t<div class=\"e-con-inner\">\n\t\t\t\t<div class=\"elementor-element elementor-element-a336a96 elementor-widget elementor-widget-image\" data-id=\"a336a96\" data-element_type=\"widget\" data-e-type=\"widget\" data-widget_type=\"image.default\">\n\t\t\t\t<div class=\"elementor-widget-container\">\n\t\t\t\t\t\t\t\t\t\t\t\t\t\t\t<img decoding=\"async\" width=\"300\" height=\"37\" src=\"https:\/\/smacool.eu\/wp-content\/uploads\/2024\/11\/EIC-logo-FundedBy-Black_EN-300x37.png\" class=\"attachment-medium size-medium wp-image-53\" alt=\"\" srcset=\"https:\/\/smacool.eu\/wp-content\/uploads\/2024\/11\/EIC-logo-FundedBy-Black_EN-300x37.png 300w, https:\/\/smacool.eu\/wp-content\/uploads\/2024\/11\/EIC-logo-FundedBy-Black_EN-1024x127.png 1024w, https:\/\/smacool.eu\/wp-content\/uploads\/2024\/11\/EIC-logo-FundedBy-Black_EN-768x95.png 768w, https:\/\/smacool.eu\/wp-content\/uploads\/2024\/11\/EIC-logo-FundedBy-Black_EN-1536x190.png 1536w, https:\/\/smacool.eu\/wp-content\/uploads\/2024\/11\/EIC-logo-FundedBy-Black_EN-2048x253.png 2048w\" sizes=\"(max-width: 300px) 100vw, 300px\" \/>\t\t\t\t\t\t\t\t\t\t\t\t\t\t\t<\/div>\n\t\t\t\t<\/div>\n\t\t\t\t\t<\/div>\n\t\t\t\t<\/div>\n\t\t\t\t<\/div>\n\t\t","protected":false},"excerpt":{"rendered":"<p>News Dr. Jaka Tu\u0161ek\u2019s research group has received funding for two European EIC projects on breakthrough cooling and heating technologies Dr. Jaka Tu\u0161ek\u2019s research group has received funding for two European EIC projects on breakthrough cooling and heating technologies \u2022 Dezember 17, 2024 Dr. Jaka Tu\u0161ek\u2019s research group has received funding for two European EIC [&hellip;]<\/p>\n","protected":false},"author":1,"featured_media":0,"parent":0,"menu_order":0,"comment_status":"closed","ping_status":"closed","template":"","meta":{"footnotes":""},"class_list":["post-185","page","type-page","status-publish","hentry"],"yoast_head":"<!-- This site is optimized with the Yoast SEO plugin v27.5 - https:\/\/yoast.com\/product\/yoast-seo-wordpress\/ -->\n<title>News - smacool.eu<\/title>\n<meta name=\"robots\" content=\"index, follow, max-snippet:-1, max-image-preview:large, max-video-preview:-1\" \/>\n<link rel=\"canonical\" href=\"https:\/\/smacool.eu\/home\/news\/\" \/>\n<meta property=\"og:locale\" content=\"de_DE\" \/>\n<meta property=\"og:type\" content=\"article\" \/>\n<meta property=\"og:title\" content=\"News - smacool.eu\" \/>\n<meta property=\"og:description\" content=\"News Dr. Jaka Tu\u0161ek\u2019s research group has received funding for two European EIC projects on breakthrough cooling and heating technologies Dr. Jaka Tu\u0161ek\u2019s research group has received funding for two European EIC projects on breakthrough cooling and heating technologies \u2022 Dezember 17, 2024 Dr. Jaka Tu\u0161ek\u2019s research group has received funding for two European EIC [&hellip;]\" \/>\n<meta property=\"og:url\" content=\"https:\/\/smacool.eu\/home\/news\/\" \/>\n<meta property=\"og:site_name\" content=\"smacool.eu\" \/>\n<meta property=\"article:modified_time\" content=\"2024-12-20T11:35:06+00:00\" \/>\n<meta property=\"og:image\" content=\"https:\/\/smacool.eu\/wp-content\/uploads\/2024\/11\/iceland-6988000_640.jpg\" \/>\n<meta name=\"twitter:card\" content=\"summary_large_image\" \/>\n<meta name=\"twitter:label1\" content=\"Gesch\u00e4tzte Lesezeit\" \/>\n\t<meta name=\"twitter:data1\" content=\"2\u00a0Minuten\" \/>\n<script type=\"application\/ld+json\" class=\"yoast-schema-graph\">{\"@context\":\"https:\\\/\\\/schema.org\",\"@graph\":[{\"@type\":\"WebPage\",\"@id\":\"https:\\\/\\\/smacool.eu\\\/home\\\/news\\\/\",\"url\":\"https:\\\/\\\/smacool.eu\\\/home\\\/news\\\/\",\"name\":\"News - smacool.eu\",\"isPartOf\":{\"@id\":\"https:\\\/\\\/smacool.eu\\\/home\\\/#website\"},\"primaryImageOfPage\":{\"@id\":\"https:\\\/\\\/smacool.eu\\\/home\\\/news\\\/#primaryimage\"},\"image\":{\"@id\":\"https:\\\/\\\/smacool.eu\\\/home\\\/news\\\/#primaryimage\"},\"thumbnailUrl\":\"https:\\\/\\\/smacool.eu\\\/wp-content\\\/uploads\\\/2024\\\/11\\\/iceland-6988000_640.jpg\",\"datePublished\":\"2024-11-28T06:58:10+00:00\",\"dateModified\":\"2024-12-20T11:35:06+00:00\",\"breadcrumb\":{\"@id\":\"https:\\\/\\\/smacool.eu\\\/home\\\/news\\\/#breadcrumb\"},\"inLanguage\":\"de\",\"potentialAction\":[{\"@type\":\"ReadAction\",\"target\":[\"https:\\\/\\\/smacool.eu\\\/home\\\/news\\\/\"]}]},{\"@type\":\"ImageObject\",\"inLanguage\":\"de\",\"@id\":\"https:\\\/\\\/smacool.eu\\\/home\\\/news\\\/#primaryimage\",\"url\":\"https:\\\/\\\/smacool.eu\\\/wp-content\\\/uploads\\\/2024\\\/11\\\/iceland-6988000_640.jpg\",\"contentUrl\":\"https:\\\/\\\/smacool.eu\\\/wp-content\\\/uploads\\\/2024\\\/11\\\/iceland-6988000_640.jpg\"},{\"@type\":\"BreadcrumbList\",\"@id\":\"https:\\\/\\\/smacool.eu\\\/home\\\/news\\\/#breadcrumb\",\"itemListElement\":[{\"@type\":\"ListItem\",\"position\":1,\"name\":\"Startseite\",\"item\":\"https:\\\/\\\/smacool.eu\\\/home\\\/\"},{\"@type\":\"ListItem\",\"position\":2,\"name\":\"News\"}]},{\"@type\":\"WebSite\",\"@id\":\"https:\\\/\\\/smacool.eu\\\/home\\\/#website\",\"url\":\"https:\\\/\\\/smacool.eu\\\/home\\\/\",\"name\":\"smacool.eu\",\"description\":\"\",\"publisher\":{\"@id\":\"https:\\\/\\\/smacool.eu\\\/home\\\/#organization\"},\"potentialAction\":[{\"@type\":\"SearchAction\",\"target\":{\"@type\":\"EntryPoint\",\"urlTemplate\":\"https:\\\/\\\/smacool.eu\\\/home\\\/?s={search_term_string}\"},\"query-input\":{\"@type\":\"PropertyValueSpecification\",\"valueRequired\":true,\"valueName\":\"search_term_string\"}}],\"inLanguage\":\"de\"},{\"@type\":\"Organization\",\"@id\":\"https:\\\/\\\/smacool.eu\\\/home\\\/#organization\",\"name\":\"smacool.eu\",\"url\":\"https:\\\/\\\/smacool.eu\\\/home\\\/\",\"logo\":{\"@type\":\"ImageObject\",\"inLanguage\":\"de\",\"@id\":\"https:\\\/\\\/smacool.eu\\\/home\\\/#\\\/schema\\\/logo\\\/image\\\/\",\"url\":\"https:\\\/\\\/smacool.eu\\\/wp-content\\\/uploads\\\/2024\\\/12\\\/Smacool-logo-blk-blue-scaled-1.png\",\"contentUrl\":\"https:\\\/\\\/smacool.eu\\\/wp-content\\\/uploads\\\/2024\\\/12\\\/Smacool-logo-blk-blue-scaled-1.png\",\"width\":4167,\"height\":4168,\"caption\":\"smacool.eu\"},\"image\":{\"@id\":\"https:\\\/\\\/smacool.eu\\\/home\\\/#\\\/schema\\\/logo\\\/image\\\/\"}}]}<\/script>\n<!-- \/ Yoast SEO plugin. -->","yoast_head_json":{"title":"News - smacool.eu","robots":{"index":"index","follow":"follow","max-snippet":"max-snippet:-1","max-image-preview":"max-image-preview:large","max-video-preview":"max-video-preview:-1"},"canonical":"https:\/\/smacool.eu\/home\/news\/","og_locale":"de_DE","og_type":"article","og_title":"News - smacool.eu","og_description":"News Dr. Jaka Tu\u0161ek\u2019s research group has received funding for two European EIC projects on breakthrough cooling and heating technologies Dr. Jaka Tu\u0161ek\u2019s research group has received funding for two European EIC projects on breakthrough cooling and heating technologies \u2022 Dezember 17, 2024 Dr. Jaka Tu\u0161ek\u2019s research group has received funding for two European EIC [&hellip;]","og_url":"https:\/\/smacool.eu\/home\/news\/","og_site_name":"smacool.eu","article_modified_time":"2024-12-20T11:35:06+00:00","og_image":[{"url":"https:\/\/smacool.eu\/wp-content\/uploads\/2024\/11\/iceland-6988000_640.jpg","type":"","width":"","height":""}],"twitter_card":"summary_large_image","twitter_misc":{"Gesch\u00e4tzte Lesezeit":"2\u00a0Minuten"},"schema":{"@context":"https:\/\/schema.org","@graph":[{"@type":"WebPage","@id":"https:\/\/smacool.eu\/home\/news\/","url":"https:\/\/smacool.eu\/home\/news\/","name":"News - smacool.eu","isPartOf":{"@id":"https:\/\/smacool.eu\/home\/#website"},"primaryImageOfPage":{"@id":"https:\/\/smacool.eu\/home\/news\/#primaryimage"},"image":{"@id":"https:\/\/smacool.eu\/home\/news\/#primaryimage"},"thumbnailUrl":"https:\/\/smacool.eu\/wp-content\/uploads\/2024\/11\/iceland-6988000_640.jpg","datePublished":"2024-11-28T06:58:10+00:00","dateModified":"2024-12-20T11:35:06+00:00","breadcrumb":{"@id":"https:\/\/smacool.eu\/home\/news\/#breadcrumb"},"inLanguage":"de","potentialAction":[{"@type":"ReadAction","target":["https:\/\/smacool.eu\/home\/news\/"]}]},{"@type":"ImageObject","inLanguage":"de","@id":"https:\/\/smacool.eu\/home\/news\/#primaryimage","url":"https:\/\/smacool.eu\/wp-content\/uploads\/2024\/11\/iceland-6988000_640.jpg","contentUrl":"https:\/\/smacool.eu\/wp-content\/uploads\/2024\/11\/iceland-6988000_640.jpg"},{"@type":"BreadcrumbList","@id":"https:\/\/smacool.eu\/home\/news\/#breadcrumb","itemListElement":[{"@type":"ListItem","position":1,"name":"Startseite","item":"https:\/\/smacool.eu\/home\/"},{"@type":"ListItem","position":2,"name":"News"}]},{"@type":"WebSite","@id":"https:\/\/smacool.eu\/home\/#website","url":"https:\/\/smacool.eu\/home\/","name":"smacool.eu","description":"","publisher":{"@id":"https:\/\/smacool.eu\/home\/#organization"},"potentialAction":[{"@type":"SearchAction","target":{"@type":"EntryPoint","urlTemplate":"https:\/\/smacool.eu\/home\/?s={search_term_string}"},"query-input":{"@type":"PropertyValueSpecification","valueRequired":true,"valueName":"search_term_string"}}],"inLanguage":"de"},{"@type":"Organization","@id":"https:\/\/smacool.eu\/home\/#organization","name":"smacool.eu","url":"https:\/\/smacool.eu\/home\/","logo":{"@type":"ImageObject","inLanguage":"de","@id":"https:\/\/smacool.eu\/home\/#\/schema\/logo\/image\/","url":"https:\/\/smacool.eu\/wp-content\/uploads\/2024\/12\/Smacool-logo-blk-blue-scaled-1.png","contentUrl":"https:\/\/smacool.eu\/wp-content\/uploads\/2024\/12\/Smacool-logo-blk-blue-scaled-1.png","width":4167,"height":4168,"caption":"smacool.eu"},"image":{"@id":"https:\/\/smacool.eu\/home\/#\/schema\/logo\/image\/"}}]}},"_links":{"self":[{"href":"https:\/\/smacool.eu\/home\/wp-json\/wp\/v2\/pages\/185","targetHints":{"allow":["GET"]}}],"collection":[{"href":"https:\/\/smacool.eu\/home\/wp-json\/wp\/v2\/pages"}],"about":[{"href":"https:\/\/smacool.eu\/home\/wp-json\/wp\/v2\/types\/page"}],"author":[{"embeddable":true,"href":"https:\/\/smacool.eu\/home\/wp-json\/wp\/v2\/users\/1"}],"replies":[{"embeddable":true,"href":"https:\/\/smacool.eu\/home\/wp-json\/wp\/v2\/comments?post=185"}],"version-history":[{"count":25,"href":"https:\/\/smacool.eu\/home\/wp-json\/wp\/v2\/pages\/185\/revisions"}],"predecessor-version":[{"id":497,"href":"https:\/\/smacool.eu\/home\/wp-json\/wp\/v2\/pages\/185\/revisions\/497"}],"wp:attachment":[{"href":"https:\/\/smacool.eu\/home\/wp-json\/wp\/v2\/media?parent=185"}],"curies":[{"name":"wp","href":"https:\/\/api.w.org\/{rel}","templated":true}]}}